{"id":4676,"date":"2025-10-23T19:38:03","date_gmt":"2025-10-23T15:38:03","guid":{"rendered":"https:\/\/nouzetwals.org\/impliquez-vous\/"},"modified":"2025-10-25T06:42:42","modified_gmt":"2025-10-25T02:42:42","slug":"impliquez-vous","status":"publish","type":"page","link":"https:\/\/nouzetwals.org\/fr\/impliquez-vous\/","title":{"rendered":"Impliquez-vous"},"content":{"rendered":"<p><div class=\"fusion-fullwidth fullwidth-box fusion-builder-row-1 fusion-flex-container has-pattern-background has-mask-background nonhundred-percent-fullwidth non-hundred-percent-height-scrolling\" style=\"--awb-border-radius-top-left:0px;--awb-border-radius-top-right:0px;--awb-border-radius-bottom-right:0px;--awb-border-radius-bottom-left:0px;--awb-padding-bottom:80px;--awb-flex-wrap:wrap;\" ><div class=\"fusion-builder-row fusion-row fusion-flex-align-items-flex-start fusion-flex-content-wrap\" style=\"max-width:1248px;margin-left: calc(-4% \/ 2 );margin-right: calc(-4% \/ 2 );\"><div class=\"fusion-layout-column fusion_builder_column fusion-builder-column-0 fusion_builder_column_1_1 1_1 fusion-flex-column\" style=\"--awb-bg-size:cover;--awb-width-large:100%;--awb-margin-top-large:0px;--awb-spacing-right-large:1.92%;--awb-margin-bottom-large:0px;--awb-spacing-left-large:1.92%;--awb-width-medium:100%;--awb-order-medium:0;--awb-spacing-right-medium:1.92%;--awb-spacing-left-medium:1.92%;--awb-width-small:100%;--awb-order-small:0;--awb-spacing-right-small:1.92%;--awb-spacing-left-small:1.92%;\"><div class=\"fusion-column-wrapper fusion-column-has-shadow fusion-flex-justify-content-flex-start fusion-content-layout-column\"><div class=\"fusion-title title fusion-title-1 fusion-sep-none fusion-title-text fusion-title-size-two\"><h2 class=\"fusion-title-heading title-heading-left\" style=\"margin:0;\">Une initiative nationale \u00e0 port\u00e9e mondiale<\/h2><\/div><div class=\"fusion-text fusion-text-1\" style=\"--awb-text-font-family:&quot;Outfit&quot;;--awb-text-font-style:normal;--awb-text-font-weight:300;\"><p>NouZetwals est bien plus qu&rsquo;une simple c\u00e9r\u00e9monie de remise de prix. Il s&rsquo;agit du premier mouvement national de ce type \u00e0 Maurice, cr\u00e9\u00e9 pour v\u00e9ritablement reconna\u00eetre et c\u00e9l\u00e9brer les personnes qui assurent le fonctionnement quotidien de notre syst\u00e8me de sant\u00e9 et de protection sociale. <\/p>\n<\/div><\/div><\/div><\/div><\/div><div class=\"fusion-fullwidth fullwidth-box fusion-builder-row-2 fusion-flex-container has-pattern-background has-mask-background nonhundred-percent-fullwidth non-hundred-percent-height-scrolling\" style=\"--awb-border-radius-top-left:0px;--awb-border-radius-top-right:0px;--awb-border-radius-bottom-right:0px;--awb-border-radius-bottom-left:0px;--awb-padding-top:80px;--awb-padding-bottom:80px;--awb-background-color:var(--awb-custom_color_4);--awb-flex-wrap:wrap;\" ><div class=\"fusion-builder-row fusion-row fusion-flex-align-items-flex-start fusion-flex-content-wrap\" style=\"max-width:1248px;margin-left: calc(-4% \/ 2 );margin-right: calc(-4% \/ 2 );\"><div class=\"fusion-layout-column fusion_builder_column fusion-builder-column-1 fusion_builder_column_2_3 2_3 fusion-flex-column\" style=\"--awb-bg-size:cover;--awb-width-large:66.666666666667%;--awb-margin-top-large:0px;--awb-spacing-right-large:2.88%;--awb-margin-bottom-large:0px;--awb-spacing-left-large:2.88%;--awb-width-medium:66.666666666667%;--awb-order-medium:0;--awb-spacing-right-medium:2.88%;--awb-spacing-left-medium:2.88%;--awb-width-small:100%;--awb-order-small:0;--awb-spacing-right-small:1.92%;--awb-spacing-left-small:1.92%;\"><div class=\"fusion-column-wrapper fusion-column-has-shadow fusion-flex-justify-content-flex-start fusion-content-layout-column\"><div class=\"fusion-title title fusion-title-2 fusion-sep-none fusion-title-text fusion-title-size-three\"><h3 class=\"fusion-title-heading title-heading-left\" style=\"margin:0;\">L&rsquo;\u00eele Maurice ouvre la voie<\/h3><\/div><div class=\"fusion-text fusion-text-2\" style=\"--awb-text-font-family:&quot;Outfit&quot;;--awb-text-font-style:normal;--awb-text-font-weight:300;\"><p>L\u2019\u00eele Maurice est fi\u00e8re d\u2019\u00eatre la premi\u00e8re nation de la r\u00e9gion de l\u2019oc\u00e9an Indien \u00e0 lancer un mouvement d\u00e9di\u00e9 \u00e0 la reconnaissance et \u00e0 la c\u00e9l\u00e9bration officielles de l\u2019excellence en mati\u00e8re de sant\u00e9 et de soins sociaux.<\/p>\n<p>Soutenu par un comit\u00e9 directeur mondial et un jury compos\u00e9 de cliniciens, d&rsquo;universitaires et de leaders de la sant\u00e9 respect\u00e9s de l&rsquo;\u00eele Maurice et de l&rsquo;\u00e9tranger, NouZetwals allie cr\u00e9dibilit\u00e9 internationale et authenticit\u00e9 locale.<\/p>\n<p>Cette initiative r\u00e9volutionnaire positionne Maurice comme un leader r\u00e9gional en mati\u00e8re de valorisation des ressources humaines, d&rsquo;excellence et d&rsquo;innovation en mati\u00e8re de soins, \u00e9tablissant ainsi une r\u00e9f\u00e9rence reproductible dans les pays de l&rsquo;oc\u00e9an Indien et de la SADC. Elle souligne le r\u00f4le de notre \u00eele comme mod\u00e8le de compassion, de collaboration et de progr\u00e8s, tout en mettant en avant le talent et le leadership des professionnels mauriciens sur la sc\u00e8ne internationale. <\/p>\n<p>En soutenant NouZetwals, vous contribuez \u00e0 fa\u00e7onner un mod\u00e8le r\u00e9gional de reconnaissance et de bien-\u00eatre, tout en faisant fi\u00e8rement partie de la force fondatrice du leadership de l\u2019\u00eele Maurice dans la c\u00e9l\u00e9bration des soins.<\/p>\n<\/div><\/div><\/div><div class=\"fusion-layout-column fusion_builder_column fusion-builder-column-2 fusion_builder_column_1_3 1_3 fusion-flex-column fusion-flex-align-self-stretch\" style=\"--awb-overflow:hidden;--awb-bg-position:center center;--awb-bg-size:cover;--awb-border-radius:25px 0px 25px 0px;--awb-width-large:33.333333333333%;--awb-margin-top-large:0px;--awb-spacing-right-large:5.76%;--awb-margin-bottom-large:0px;--awb-spacing-left-large:5.76%;--awb-width-medium:33.333333333333%;--awb-order-medium:0;--awb-spacing-right-medium:5.76%;--awb-spacing-left-medium:5.76%;--awb-width-small:100%;--awb-order-small:0;--awb-spacing-right-small:1.92%;--awb-spacing-left-small:1.92%;\"><div class=\"fusion-column-wrapper lazyload fusion-column-has-shadow fusion-flex-justify-content-flex-start fusion-content-layout-column fusion-empty-column-bg-image fusion-column-has-bg-image\" data-bg-url=\"https:\/\/nouzetwals.org\/wp-content\/uploads\/2025\/09\/ChatGPT-Image-Sep-25-2025-02_43_11-PMb-683x1024.webp\" data-bg=\"https:\/\/nouzetwals.org\/wp-content\/uploads\/2025\/09\/ChatGPT-Image-Sep-25-2025-02_43_11-PMb-683x1024.webp\"><img decoding=\"async\" class=\"fusion-empty-dims-img-placeholder\" aria-label=\"ChatGPT Image Sep 25, 2025, 02_43_11 PMb\" src=\"data:image\/svg+xml,%3Csvg%20xmlns%3D%27http%3A%2F%2Fwww.w3.org%2F2000%2Fsvg%27%20width%3D%27683%27%20height%3D%271024%27%20viewBox%3D%270%200%20683%201024%27%3E%3Crect%20width%3D%27683%27%20height%3D%271024%27%20fill-opacity%3D%220%22%2F%3E%3C%2Fsvg%3E\"><\/div><\/div><\/div><\/div><div class=\"fusion-fullwidth fullwidth-box fusion-builder-row-3 fusion-flex-container has-pattern-background has-mask-background nonhundred-percent-fullwidth non-hundred-percent-height-scrolling\" style=\"--awb-border-radius-top-left:0px;--awb-border-radius-top-right:0px;--awb-border-radius-bottom-right:0px;--awb-border-radius-bottom-left:0px;--awb-padding-top:80px;--awb-padding-bottom:80px;--awb-background-color:var(--awb-color2);--awb-flex-wrap:wrap;\" ><div class=\"awb-background-mask\" style=\"background-image:  url(data:image\/svg+xml;utf8,%3Csvg%20width%3D%221920%22%20height%3D%22954%22%20fill%3D%22none%22%20xmlns%3D%22http%3A%2F%2Fwww.w3.org%2F2000%2Fsvg%22%3E%3Cg%20clip-path%3D%22url%28%23prefix__clip0_58_109%29%22%20fill%3D%22rgba%28255%2C188%2C0%2C1%29%22%3E%3Cpath%20d%3D%22M1020.86%20519.766c6.47-11.566%2022.45-20.942%2035.71-20.942h375.02c30.93%200%2043.77%2021.877%2028.68%2048.863L1204.02%201006H749l271.86-486.234zM1755.66%20419.989c6.47-11.664%2022.45-21.12%2035.7-21.12h391.65c26.5%200%2037.5%2018.912%2024.57%2042.24L1923%20954h-463.62l296.28-534.011z%22%2F%3E%3Cpath%20d%3D%22M1371.86%20126.941c6.47-11.565%2022.46-20.941%2035.71-20.941h376.02c30.93%200%2043.77%2021.877%2028.68%2048.863L1371%20954H914.98l456.88-827.059z%22%2F%3E%3C%2Fg%3E%3Cdefs%3E%3CclipPath%20id%3D%22prefix__clip0_58_109%22%3E%3Cpath%20fill%3D%22%23fff%22%20d%3D%22M0%200h1920v954H0z%22%2F%3E%3C%2FclipPath%3E%3C%2Fdefs%3E%3C%2Fsvg%3E);opacity: 1 ;transform: scale(1, 1);mix-blend-mode:normal;\"><\/div><div class=\"fusion-builder-row fusion-row fusion-flex-align-items-flex-start fusion-flex-content-wrap\" style=\"max-width:1224px;margin-left: calc(-2% \/ 2 );margin-right: calc(-2% \/ 2 );\"><div class=\"fusion-layout-column fusion_builder_column fusion-builder-column-3 fusion_builder_column_1_1 1_1 fusion-flex-column\" style=\"--awb-bg-size:cover;--awb-width-large:100%;--awb-margin-top-large:0px;--awb-spacing-right-large:0.98%;--awb-margin-bottom-large:0px;--awb-spacing-left-large:0.98%;--awb-width-medium:100%;--awb-order-medium:0;--awb-spacing-right-medium:0.98%;--awb-spacing-left-medium:0.98%;--awb-width-small:100%;--awb-order-small:0;--awb-spacing-right-small:0.98%;--awb-spacing-left-small:0.98%;\"><div class=\"fusion-column-wrapper fusion-column-has-shadow fusion-flex-justify-content-flex-start fusion-content-layout-column\"><div class=\"fusion-title title fusion-title-3 fusion-sep-none fusion-title-text fusion-title-size-three\"><h3 class=\"fusion-title-heading title-heading-left\" style=\"margin:0;\">Un appel au soutien<\/h3><\/div><div class=\"fusion-text fusion-text-3\" style=\"--awb-text-font-family:&quot;Outfit&quot;;--awb-text-font-style:normal;--awb-text-font-weight:300;\"><p><b>NouZetwals<\/b> est un projet communautaire, qui s&rsquo;\u00e9tend \u00e0 des personnes, des organisations et m\u00eame des pays. En tant qu&rsquo;initiative <b>ouverte et inclusive,<\/b> nous encourageons le soutien de tous afin de b\u00e2tir un mouvement \u00e0 l&rsquo;<b>impact durable et significatif<\/b>. <\/p>\n<p>Veuillez <b>suivre les liens ci-dessous<\/b> pour comprendre les opportunit\u00e9s de <b>montrer votre soutien<\/b>, soit en tant qu&rsquo;organisation cherchant \u00e0 \u00e9tablir un partenariat, soit en tant qu&rsquo;individu souhaitant contribuer \u00e0 ce projet.<\/p>\n<\/div><\/div><\/div><div class=\"fusion-layout-column fusion_builder_column fusion-builder-column-4 fusion_builder_column_1_2 1_2 fusion-flex-column fusion-flex-align-self-stretch fusion-column-inner-bg-wrapper fusion-column-liftup-border\" style=\"--awb-padding-top:390px;--awb-padding-right:40px;--awb-padding-bottom:40px;--awb-padding-left:40px;--awb-inner-bg-image:linear-gradient(180deg, hsla(var(--awb-color5-h),var(--awb-color5-s),var(--awb-color5-l),calc(var(--awb-color5-a) - 90%)) 55%,hsla(var(--awb-custom_color_1-h),var(--awb-custom_color_1-s),calc(var(--awb-custom_color_1-l) - 10%),var(--awb-custom_color_1-a)) 95%);;--awb-inner-bg-position:center center;--awb-inner-bg-size:cover;--awb-width-large:50%;--awb-margin-top-large:0px;--awb-spacing-right-large:1.96%;--awb-margin-bottom-large:0px;--awb-spacing-left-large:1.96%;--awb-width-medium:50%;--awb-order-medium:0;--awb-spacing-right-medium:1.96%;--awb-spacing-left-medium:1.96%;--awb-width-small:100%;--awb-order-small:0;--awb-spacing-right-small:0.98%;--awb-spacing-left-small:0.98%;\"><span class=\"fusion-column-inner-bg hover-type-liftup\"><a class=\"fusion-column-anchor\" href=\"https:\/\/nouzetwals.org\/fr\/impliquez-vous\/devenez-partenaire-de-nouzetwals\/\"><span class=\"fusion-column-inner-bg-image lazyload\" data-bg=\"https:\/\/nouzetwals.org\/wp-content\/uploads\/2025\/10\/Untitled-757-724x1024.webp\" data-bg-gradient=\"linear-gradient(180deg, hsla(var(--awb-color5-h),var(--awb-color5-s),var(--awb-color5-l),calc(var(--awb-color5-a) - 90%)) 55%,hsla(var(--awb-custom_color_1-h),var(--awb-custom_color_1-s),calc(var(--awb-custom_color_1-l) - 10%),var(--awb-custom_color_1-a)) 95%)\"><\/span><\/a><\/span><div class=\"fusion-column-wrapper fusion-flex-justify-content-flex-end fusion-content-layout-column fusion-column-has-bg-image\" data-bg-url=\"https:\/\/nouzetwals.org\/wp-content\/uploads\/2025\/10\/Untitled-757-724x1024.webp\"><div class=\"fusion-title title fusion-title-4 fusion-sep-none fusion-title-text fusion-title-size-three\" style=\"--awb-text-color:var(--awb-color1);--awb-margin-bottom:0px;\"><h3 class=\"fusion-title-heading title-heading-left\" style=\"font-family:&quot;Outfit&quot;;font-style:normal;font-weight:600;margin:0;\">Organisations<\/h3><\/div><div class=\"fusion-text fusion-text-4 fusion-text-no-margin\" style=\"--awb-text-color:var(--awb-color1);--awb-text-font-family:&quot;Outfit&quot;;--awb-text-font-style:normal;--awb-text-font-weight:300;\"><p><strong>Les sponsors et partenaires<\/strong> peuvent en apprendre davantage sur les <strong>avantages disponibles<\/strong> lorsqu&rsquo;ils rejoignent NouZetwals dans cette <strong>initiative r\u00e9volutionnaire<\/strong> en soutien aux professionnels de la sant\u00e9 et des soins mauriciens.<\/p>\n<\/div><div style=\"text-align:center;\"><a class=\"fusion-button button-flat fusion-button-default-size button-custom fusion-button-default button-1 fusion-button-default-span fusion-button-default-type line\" style=\"--button_accent_color:var(--awb-color1);--button_accent_hover_color:var(--awb-color2);--button_border_hover_color:var(--awb-color4);--button_gradient_top_color:hsla(var(--awb-color5-h),var(--awb-color5-s),var(--awb-color5-l),calc(var(--awb-color5-a) - 100%));--button_gradient_bottom_color:hsla(var(--awb-color5-h),var(--awb-color5-s),var(--awb-color5-l),calc(var(--awb-color5-a) - 100%));--button_gradient_top_color_hover:hsla(var(--awb-color5-h),var(--awb-color5-s),var(--awb-color5-l),calc(var(--awb-color5-a) - 100%));--button_gradient_bottom_color_hover:hsla(var(--awb-color5-h),var(--awb-color5-s),var(--awb-color5-l),calc(var(--awb-color5-a) - 100%));--button_margin-top:0px;--button_margin-bottom:0px;\" target=\"_self\" data-hover=\"text_slide_down\"><div class=\"awb-button-text-transition  awb-button__hover-content--centered\"><span class=\"fusion-button-text awb-button__text awb-button__text--default\">Apprendre plus<\/span><span class=\"fusion-button-text awb-button__text awb-button__text--default\">Apprendre plus<\/span><\/div><\/a><\/div><\/div><\/div><div class=\"fusion-layout-column fusion_builder_column fusion-builder-column-5 fusion_builder_column_1_2 1_2 fusion-flex-column fusion-flex-align-self-stretch fusion-column-inner-bg-wrapper fusion-column-liftup-border\" style=\"--awb-padding-top:390px;--awb-padding-right:40px;--awb-padding-bottom:40px;--awb-padding-left:40px;--awb-inner-bg-image:linear-gradient(180deg, hsla(var(--awb-color5-h),var(--awb-color5-s),var(--awb-color5-l),calc(var(--awb-color5-a) - 90%)) 55%,hsla(var(--awb-custom_color_1-h),var(--awb-custom_color_1-s),calc(var(--awb-custom_color_1-l) - 10%),var(--awb-custom_color_1-a)) 95%);;--awb-inner-bg-position:center center;--awb-inner-bg-size:cover;--awb-width-large:50%;--awb-margin-top-large:0px;--awb-spacing-right-large:1.96%;--awb-margin-bottom-large:0px;--awb-spacing-left-large:1.96%;--awb-width-medium:50%;--awb-order-medium:0;--awb-spacing-right-medium:1.96%;--awb-spacing-left-medium:1.96%;--awb-width-small:100%;--awb-order-small:0;--awb-spacing-right-small:0.98%;--awb-spacing-left-small:0.98%;\"><span class=\"fusion-column-inner-bg hover-type-liftup\"><a class=\"fusion-column-anchor\" href=\"https:\/\/nouzetwals.org\/fr\/impliquez-vous\/individus\/\"><span class=\"fusion-column-inner-bg-image lazyload\" data-bg=\"https:\/\/nouzetwals.org\/wp-content\/uploads\/2025\/10\/Photo_1-1024x724.webp\" data-bg-gradient=\"linear-gradient(180deg, hsla(var(--awb-color5-h),var(--awb-color5-s),var(--awb-color5-l),calc(var(--awb-color5-a) - 90%)) 55%,hsla(var(--awb-custom_color_1-h),var(--awb-custom_color_1-s),calc(var(--awb-custom_color_1-l) - 10%),var(--awb-custom_color_1-a)) 95%)\"><\/span><\/a><\/span><div class=\"fusion-column-wrapper fusion-flex-justify-content-flex-end fusion-content-layout-column fusion-column-has-bg-image\" data-bg-url=\"https:\/\/nouzetwals.org\/wp-content\/uploads\/2025\/10\/Photo_1-1024x724.webp\"><div class=\"fusion-title title fusion-title-5 fusion-sep-none fusion-title-text fusion-title-size-three\" style=\"--awb-text-color:var(--awb-color1);--awb-margin-bottom:0px;\"><h3 class=\"fusion-title-heading title-heading-left\" style=\"font-family:&quot;Outfit&quot;;font-style:normal;font-weight:600;margin:0;\">Individus<\/h3><\/div><div class=\"fusion-text fusion-text-5 fusion-text-no-margin\" style=\"--awb-text-color:var(--awb-color1);--awb-text-font-family:&quot;Outfit&quot;;--awb-text-font-style:normal;--awb-text-font-weight:300;\"><p>Les <strong>ambassadeurs de la marque<\/strong> et les <strong>b\u00e9n\u00e9voles<\/strong> ont l&rsquo;opportunit\u00e9 de rejoindre NouZetwals et de promouvoir notre initiative visant \u00e0 faire conna\u00eetre les professionnels de la sant\u00e9 et des services sociaux \u00e0 travers l&rsquo;\u00eele Maurice.<\/p>\n<\/div><div style=\"text-align:center;\"><a class=\"fusion-button button-flat fusion-button-default-size button-custom fusion-button-default button-2 fusion-button-default-span fusion-button-default-type line\" style=\"--button_accent_color:var(--awb-color1);--button_accent_hover_color:var(--awb-color2);--button_border_hover_color:var(--awb-color4);--button_gradient_top_color:hsla(var(--awb-color5-h),var(--awb-color5-s),var(--awb-color5-l),calc(var(--awb-color5-a) - 100%));--button_gradient_bottom_color:hsla(var(--awb-color5-h),var(--awb-color5-s),var(--awb-color5-l),calc(var(--awb-color5-a) - 100%));--button_gradient_top_color_hover:hsla(var(--awb-color5-h),var(--awb-color5-s),var(--awb-color5-l),calc(var(--awb-color5-a) - 100%));--button_gradient_bottom_color_hover:hsla(var(--awb-color5-h),var(--awb-color5-s),var(--awb-color5-l),calc(var(--awb-color5-a) - 100%));--button_margin-top:0px;--button_margin-bottom:0px;\" target=\"_self\" data-hover=\"text_slide_down\"><div class=\"awb-button-text-transition  awb-button__hover-content--centered\"><span class=\"fusion-button-text awb-button__text awb-button__text--default\">Apprendre plus<\/span><span class=\"fusion-button-text awb-button__text awb-button__text--default\">Apprendre plus<\/span><\/div><\/a><\/div><\/div><\/div><\/div><\/div><\/p>\n","protected":false},"excerpt":{"rendered":"","protected":false},"author":2,"featured_media":0,"parent":0,"menu_order":0,"comment_status":"closed","ping_status":"closed","template":"100-width.php","meta":{"_acf_changed":false,"footnotes":""},"class_list":["post-4676","page","type-page","status-publish","hentry"],"acf":[],"yoast_head":"<!-- This site is optimized with the Yoast SEO plugin v27.4 - https:\/\/yoast.com\/product\/yoast-seo-wordpress\/ -->\n<title>Impliquez-vous - NouZetwals<\/title>\n<meta name=\"robots\" content=\"index, follow, max-snippet:-1, max-image-preview:large, max-video-preview:-1\" \/>\n<link rel=\"canonical\" href=\"https:\/\/nouzetwals.org\/fr\/impliquez-vous\/\" \/>\n<meta property=\"og:locale\" content=\"fr_FR\" \/>\n<meta property=\"og:type\" content=\"article\" \/>\n<meta property=\"og:title\" content=\"Impliquez-vous - NouZetwals\" \/>\n<meta property=\"og:url\" content=\"https:\/\/nouzetwals.org\/fr\/impliquez-vous\/\" \/>\n<meta property=\"og:site_name\" content=\"NouZetwals\" \/>\n<meta property=\"article:publisher\" content=\"https:\/\/www.facebook.com\/nouzetwals\" \/>\n<meta property=\"article:modified_time\" content=\"2025-10-25T02:42:42+00:00\" \/>\n<meta name=\"twitter:card\" content=\"summary_large_image\" \/>\n<meta name=\"twitter:label1\" content=\"Dur\u00e9e de lecture estim\u00e9e\" \/>\n\t<meta name=\"twitter:data1\" content=\"20 minutes\" \/>\n<script type=\"application\/ld+json\" class=\"yoast-schema-graph\">{\"@context\":\"https:\\\/\\\/schema.org\",\"@graph\":[{\"@type\":\"WebPage\",\"@id\":\"https:\\\/\\\/nouzetwals.org\\\/fr\\\/impliquez-vous\\\/\",\"url\":\"https:\\\/\\\/nouzetwals.org\\\/fr\\\/impliquez-vous\\\/\",\"name\":\"Impliquez-vous - NouZetwals\",\"isPartOf\":{\"@id\":\"https:\\\/\\\/nouzetwals.org\\\/fr\\\/#website\"},\"datePublished\":\"2025-10-23T15:38:03+00:00\",\"dateModified\":\"2025-10-25T02:42:42+00:00\",\"breadcrumb\":{\"@id\":\"https:\\\/\\\/nouzetwals.org\\\/fr\\\/impliquez-vous\\\/#breadcrumb\"},\"inLanguage\":\"fr-FR\",\"potentialAction\":[{\"@type\":\"ReadAction\",\"target\":[\"https:\\\/\\\/nouzetwals.org\\\/fr\\\/impliquez-vous\\\/\"]}]},{\"@type\":\"BreadcrumbList\",\"@id\":\"https:\\\/\\\/nouzetwals.org\\\/fr\\\/impliquez-vous\\\/#breadcrumb\",\"itemListElement\":[{\"@type\":\"ListItem\",\"position\":1,\"name\":\"Home\",\"item\":\"https:\\\/\\\/nouzetwals.org\\\/fr\\\/nouzetwals-accueil\\\/\"},{\"@type\":\"ListItem\",\"position\":2,\"name\":\"Impliquez-vous\"}]},{\"@type\":\"WebSite\",\"@id\":\"https:\\\/\\\/nouzetwals.org\\\/fr\\\/#website\",\"url\":\"https:\\\/\\\/nouzetwals.org\\\/fr\\\/\",\"name\":\"NouZetwals\",\"description\":\"Health &amp; Social Care Excellence Awards\",\"publisher\":{\"@id\":\"https:\\\/\\\/nouzetwals.org\\\/fr\\\/#organization\"},\"potentialAction\":[{\"@type\":\"SearchAction\",\"target\":{\"@type\":\"EntryPoint\",\"urlTemplate\":\"https:\\\/\\\/nouzetwals.org\\\/fr\\\/?s={search_term_string}\"},\"query-input\":{\"@type\":\"PropertyValueSpecification\",\"valueRequired\":true,\"valueName\":\"search_term_string\"}}],\"inLanguage\":\"fr-FR\"},{\"@type\":\"Organization\",\"@id\":\"https:\\\/\\\/nouzetwals.org\\\/fr\\\/#organization\",\"name\":\"NouZetwals Limited\",\"url\":\"https:\\\/\\\/nouzetwals.org\\\/fr\\\/\",\"logo\":{\"@type\":\"ImageObject\",\"inLanguage\":\"fr-FR\",\"@id\":\"https:\\\/\\\/nouzetwals.org\\\/fr\\\/#\\\/schema\\\/logo\\\/image\\\/\",\"url\":\"https:\\\/\\\/nouzetwals.org\\\/wp-content\\\/uploads\\\/2025\\\/10\\\/logo-nouzetwals-color-subtitle-1.webp\",\"contentUrl\":\"https:\\\/\\\/nouzetwals.org\\\/wp-content\\\/uploads\\\/2025\\\/10\\\/logo-nouzetwals-color-subtitle-1.webp\",\"width\":385,\"height\":72,\"caption\":\"NouZetwals Limited\"},\"image\":{\"@id\":\"https:\\\/\\\/nouzetwals.org\\\/fr\\\/#\\\/schema\\\/logo\\\/image\\\/\"},\"sameAs\":[\"https:\\\/\\\/www.facebook.com\\\/nouzetwals\",\"https:\\\/\\\/www.instagram.com\\\/nouzetwals\\\/\",\"https:\\\/\\\/www.linkedin.com\\\/company\\\/nouzetwals\",\"https:\\\/\\\/www.tiktok.com\\\/@nouzetwals\"]}]}<\/script>\n<!-- \/ Yoast SEO plugin. -->","yoast_head_json":{"title":"Impliquez-vous - NouZetwals","robots":{"index":"index","follow":"follow","max-snippet":"max-snippet:-1","max-image-preview":"max-image-preview:large","max-video-preview":"max-video-preview:-1"},"canonical":"https:\/\/nouzetwals.org\/fr\/impliquez-vous\/","og_locale":"fr_FR","og_type":"article","og_title":"Impliquez-vous - NouZetwals","og_url":"https:\/\/nouzetwals.org\/fr\/impliquez-vous\/","og_site_name":"NouZetwals","article_publisher":"https:\/\/www.facebook.com\/nouzetwals","article_modified_time":"2025-10-25T02:42:42+00:00","twitter_card":"summary_large_image","twitter_misc":{"Dur\u00e9e de lecture estim\u00e9e":"20 minutes"},"schema":{"@context":"https:\/\/schema.org","@graph":[{"@type":"WebPage","@id":"https:\/\/nouzetwals.org\/fr\/impliquez-vous\/","url":"https:\/\/nouzetwals.org\/fr\/impliquez-vous\/","name":"Impliquez-vous - NouZetwals","isPartOf":{"@id":"https:\/\/nouzetwals.org\/fr\/#website"},"datePublished":"2025-10-23T15:38:03+00:00","dateModified":"2025-10-25T02:42:42+00:00","breadcrumb":{"@id":"https:\/\/nouzetwals.org\/fr\/impliquez-vous\/#breadcrumb"},"inLanguage":"fr-FR","potentialAction":[{"@type":"ReadAction","target":["https:\/\/nouzetwals.org\/fr\/impliquez-vous\/"]}]},{"@type":"BreadcrumbList","@id":"https:\/\/nouzetwals.org\/fr\/impliquez-vous\/#breadcrumb","itemListElement":[{"@type":"ListItem","position":1,"name":"Home","item":"https:\/\/nouzetwals.org\/fr\/nouzetwals-accueil\/"},{"@type":"ListItem","position":2,"name":"Impliquez-vous"}]},{"@type":"WebSite","@id":"https:\/\/nouzetwals.org\/fr\/#website","url":"https:\/\/nouzetwals.org\/fr\/","name":"NouZetwals","description":"Health &amp; Social Care Excellence Awards","publisher":{"@id":"https:\/\/nouzetwals.org\/fr\/#organization"},"potentialAction":[{"@type":"SearchAction","target":{"@type":"EntryPoint","urlTemplate":"https:\/\/nouzetwals.org\/fr\/?s={search_term_string}"},"query-input":{"@type":"PropertyValueSpecification","valueRequired":true,"valueName":"search_term_string"}}],"inLanguage":"fr-FR"},{"@type":"Organization","@id":"https:\/\/nouzetwals.org\/fr\/#organization","name":"NouZetwals Limited","url":"https:\/\/nouzetwals.org\/fr\/","logo":{"@type":"ImageObject","inLanguage":"fr-FR","@id":"https:\/\/nouzetwals.org\/fr\/#\/schema\/logo\/image\/","url":"https:\/\/nouzetwals.org\/wp-content\/uploads\/2025\/10\/logo-nouzetwals-color-subtitle-1.webp","contentUrl":"https:\/\/nouzetwals.org\/wp-content\/uploads\/2025\/10\/logo-nouzetwals-color-subtitle-1.webp","width":385,"height":72,"caption":"NouZetwals Limited"},"image":{"@id":"https:\/\/nouzetwals.org\/fr\/#\/schema\/logo\/image\/"},"sameAs":["https:\/\/www.facebook.com\/nouzetwals","https:\/\/www.instagram.com\/nouzetwals\/","https:\/\/www.linkedin.com\/company\/nouzetwals","https:\/\/www.tiktok.com\/@nouzetwals"]}]}},"_links":{"self":[{"href":"https:\/\/nouzetwals.org\/fr\/wp-json\/wp\/v2\/pages\/4676","targetHints":{"allow":["GET"]}}],"collection":[{"href":"https:\/\/nouzetwals.org\/fr\/wp-json\/wp\/v2\/pages"}],"about":[{"href":"https:\/\/nouzetwals.org\/fr\/wp-json\/wp\/v2\/types\/page"}],"author":[{"embeddable":true,"href":"https:\/\/nouzetwals.org\/fr\/wp-json\/wp\/v2\/users\/2"}],"replies":[{"embeddable":true,"href":"https:\/\/nouzetwals.org\/fr\/wp-json\/wp\/v2\/comments?post=4676"}],"version-history":[{"count":2,"href":"https:\/\/nouzetwals.org\/fr\/wp-json\/wp\/v2\/pages\/4676\/revisions"}],"predecessor-version":[{"id":4678,"href":"https:\/\/nouzetwals.org\/fr\/wp-json\/wp\/v2\/pages\/4676\/revisions\/4678"}],"wp:attachment":[{"href":"https:\/\/nouzetwals.org\/fr\/wp-json\/wp\/v2\/media?parent=4676"}],"curies":[{"name":"wp","href":"https:\/\/api.w.org\/{rel}","templated":true}]}}